{"id":36494,"date":"2024-04-23T15:37:56","date_gmt":"2024-04-23T13:37:56","guid":{"rendered":"https:\/\/www.nixxis.com\/?page_id=36494"},"modified":"2025-10-07T17:04:50","modified_gmt":"2025-10-07T15:04:50","slug":"comment-maximiser-les-revenus-generes-par-votre-service-client","status":"publish","type":"page","link":"https:\/\/www.nixxis.com\/fr\/comment-maximiser-les-revenus-generes-par-votre-service-client\/","title":{"rendered":"Comment maximiser les revenus g\u00e9n\u00e9r\u00e9s par votre service client ?"},"content":{"rendered":"\t\t<div data-elementor-type=\"wp-page\" data-elementor-id=\"36494\" class=\"elementor elementor-36494\" data-elementor-post-type=\"page\">\n\t\t\t\t\t\t<section class=\"elementor-section elementor-top-section elementor-element elementor-element-5986d59 elementor-section-boxed elementor-section-height-default elementor-section-height-default wpr-particle-no wpr-jarallax-no wpr-parallax-no wpr-sticky-section-no wpr-equal-height-no\" data-id=\"5986d59\" data-element_type=\"section\" data-e-type=\"section\" data-settings=\"{&quot;background_background&quot;:&quot;classic&quot;}\">\n\t\t\t\t\t\t<div class=\"elementor-container elementor-column-gap-default\">\n\t\t\t\t\t<div class=\"elementor-column elementor-col-100 elementor-top-column elementor-element elementor-element-aa79752\" data-id=\"aa79752\" data-element_type=\"column\" data-e-type=\"column\">\n\t\t\t<div class=\"elementor-widget-wrap elementor-element-populated\">\n\t\t\t\t\t\t<div class=\"elementor-element elementor-element-0ca011f elementor-hidden-desktop elementor-widget elementor-widget-spacer\" data-id=\"0ca011f\" data-element_type=\"widget\" data-e-type=\"widget\" data-widget_type=\"spacer.default\">\n\t\t\t\t\t\t\t<div class=\"elementor-spacer\">\n\t\t\t<div class=\"elementor-spacer-inner\"><\/div>\n\t\t<\/div>\n\t\t\t\t\t\t<\/div>\n\t\t\t\t<div class=\"elementor-element elementor-element-e409ca8 elementor-widget__width-initial elementor-widget elementor-widget-heading\" data-id=\"e409ca8\" data-element_type=\"widget\" data-e-type=\"widget\" data-widget_type=\"heading.default\">\n\t\t\t\t\t<h2 class=\"elementor-heading-title elementor-size-default\">Comment maximiser les revenus g\u00e9n\u00e9r\u00e9s <br>par votre service client ?<\/h2>\t\t\t\t<\/div>\n\t\t\t\t<div class=\"elementor-element elementor-element-59eb71e elementor-widget elementor-widget-spacer\" data-id=\"59eb71e\" data-element_type=\"widget\" data-e-type=\"widget\" data-widget_type=\"spacer.default\">\n\t\t\t\t\t\t\t<div class=\"elementor-spacer\">\n\t\t\t<div class=\"elementor-spacer-inner\"><\/div>\n\t\t<\/div>\n\t\t\t\t\t\t<\/div>\n\t\t\t\t\t<\/div>\n\t\t<\/div>\n\t\t\t\t\t<\/div>\n\t\t<\/section>\n\t\t\t\t<section class=\"elementor-section elementor-top-section elementor-element elementor-element-7d79d09 elementor-section-boxed elementor-section-height-default elementor-section-height-default wpr-particle-no wpr-jarallax-no wpr-parallax-no wpr-sticky-section-no wpr-equal-height-no\" data-id=\"7d79d09\" data-element_type=\"section\" data-e-type=\"section\">\n\t\t\t\t\t\t<div class=\"elementor-container elementor-column-gap-default\">\n\t\t\t\t\t<div class=\"elementor-column elementor-col-25 elementor-top-column elementor-element elementor-element-98e2fd1\" data-id=\"98e2fd1\" data-element_type=\"column\" data-e-type=\"column\">\n\t\t\t<div class=\"elementor-widget-wrap elementor-element-populated\">\n\t\t\t\t\t\t<div class=\"elementor-element elementor-element-dd70a02 elementor-widget elementor-widget-heading\" data-id=\"dd70a02\" data-element_type=\"widget\" data-e-type=\"widget\" data-widget_type=\"heading.default\">\n\t\t\t\t\t<h3 class=\"elementor-heading-title elementor-size-default\">D\u00e9couvrez un extrait !<\/h3>\t\t\t\t<\/div>\n\t\t\t\t<div class=\"elementor-element elementor-element-f6bc259 elementor-widget-laptop__width-initial elementor-widget elementor-widget-shortcode\" data-id=\"f6bc259\" data-element_type=\"widget\" data-e-type=\"widget\" data-widget_type=\"shortcode.default\">\n\t\t\t\t\t\t\t<div class=\"elementor-shortcode\"><div class=\"_df_thumb \" id=\"df_36496\"  _slug=\"comment-maximiser-les-revenus-generes-par-votre-service-client\" data-title=\"comment-maximiser-les-revenus-generes-par-votre-service-client\" wpoptions=\"true\" thumb=\"https:\/\/www.nixxis.com\/wp-content\/uploads\/2024\/12\/NLB-Comment-maximiser-les-revenus-generes-par-votre-Service-Client.webp\" thumbtype=\"\" >Comment maximiser les revenus g\u00e9n\u00e9r\u00e9s par votre service client ?<\/div><script class=\"df-shortcode-script\" nowprocket type=\"application\/javascript\">window.option_df_36496 = {\"outline\":[],\"autoEnableOutline\":\"false\",\"autoEnableThumbnail\":\"false\",\"overwritePDFOutline\":\"false\",\"enableDownload\":\"false\",\"direction\":\"1\",\"pageSize\":\"0\",\"controlsPosition\":\"hide\",\"maxTextureSize\":\"1800\",\"source\":\"https:\\\/\\\/www.nixxis.com\\\/wp-content\\\/uploads\\\/2024\\\/04\\\/NLB-Comment-maximiser-les-revenus-generes-par-votre-Service-Client-Extrait.pdf\",\"wpOptions\":\"true\"}; if(window.DFLIP && window.DFLIP.parseBooks){window.DFLIP.parseBooks();}<\/script><\/div>\n\t\t\t\t\t\t<\/div>\n\t\t\t\t\t<\/div>\n\t\t<\/div>\n\t\t\t\t<div class=\"elementor-column elementor-col-25 elementor-top-column elementor-element elementor-element-3451e89 elementor-hidden-tablet\" data-id=\"3451e89\" data-element_type=\"column\" data-e-type=\"column\">\n\t\t\t<div class=\"elementor-widget-wrap\">\n\t\t\t\t\t\t\t<\/div>\n\t\t<\/div>\n\t\t\t\t<div class=\"elementor-column elementor-col-25 elementor-top-column elementor-element elementor-element-d3e19c5\" data-id=\"d3e19c5\" data-element_type=\"column\" data-e-type=\"column\">\n\t\t\t<div class=\"elementor-widget-wrap elementor-element-populated\">\n\t\t\t\t\t\t<div class=\"elementor-element elementor-element-74f8196 elementor-widget elementor-widget-heading\" data-id=\"74f8196\" data-element_type=\"widget\" data-e-type=\"widget\" data-widget_type=\"heading.default\">\n\t\t\t\t\t<h3 class=\"elementor-heading-title elementor-size-default\">Introduction<\/h3>\t\t\t\t<\/div>\n\t\t\t\t<div class=\"elementor-element elementor-element-41b38dc elementor-widget elementor-widget-text-editor\" data-id=\"41b38dc\" data-element_type=\"widget\" data-e-type=\"widget\" data-widget_type=\"text-editor.default\">\n\t\t\t\t\t\t\t\t\t<p><em>\u00ab\u00a0Dans un monde o\u00f9 la concurrence fait rage, il est essentiel de comprendre que la qualit\u00e9 du service client est devenue tout aussi cruciale que la qualit\u00e9 du produit lui-m\u00eame. Les consommateurs, qu&rsquo;ils soient des clients B2B ou B2C, ont \u00e9lev\u00e9 leurs exigences \u00e0 un niveau sans pr\u00e9c\u00e9dent. Selon la derni\u00e8re \u00e9tude de la <strong>Harvard Business Review<\/strong>, les clients attendent bien plus que des r\u00e9ponses \u00e0 leurs questions. Ils exigent un <strong>meilleur service client<\/strong>, des <strong>interactions personnalis\u00e9es<\/strong>, et la transition des agents du statut de simples r\u00e9ceptacles de plaintes \u00e0 celui de <strong>conseillers de confiance<\/strong>.\u00a0\u00bb<\/em><\/p>\t\t\t\t\t\t\t\t<\/div>\n\t\t\t\t\t<\/div>\n\t\t<\/div>\n\t\t\t\t<div class=\"elementor-column elementor-col-25 elementor-top-column elementor-element elementor-element-6bae9f7\" data-id=\"6bae9f7\" data-element_type=\"column\" data-e-type=\"column\">\n\t\t\t<div class=\"elementor-widget-wrap\">\n\t\t\t\t\t\t\t<\/div>\n\t\t<\/div>\n\t\t\t\t\t<\/div>\n\t\t<\/section>\n\t\t\t\t<section class=\"elementor-section elementor-top-section elementor-element elementor-element-7b7644a4 elementor-section-boxed elementor-section-height-default elementor-section-height-default wpr-particle-no wpr-jarallax-no wpr-parallax-no wpr-sticky-section-no wpr-equal-height-no\" data-id=\"7b7644a4\" data-element_type=\"section\" data-e-type=\"section\">\n\t\t\t\t\t\t<div class=\"elementor-container elementor-column-gap-default\">\n\t\t\t\t\t<div class=\"elementor-column elementor-col-100 elementor-top-column elementor-element elementor-element-4d05aa24\" data-id=\"4d05aa24\" data-element_type=\"column\" data-e-type=\"column\">\n\t\t\t<div class=\"elementor-widget-wrap elementor-element-populated\">\n\t\t\t\t\t\t<div class=\"elementor-element elementor-element-7a8ed8e elementor-widget elementor-widget-html\" data-id=\"7a8ed8e\" data-element_type=\"widget\" data-e-type=\"widget\" data-widget_type=\"html.default\">\n\t\t\t\t\t<iframe aria-label='T\u00e9l\u00e9chargez ce livre blanc \ud83d\udd3d' frameborder=\"0\" style=\"height:850px;width:99%;border:none;\" src='https:\/\/forms.zohopublic.eu\/nixxisbelgiumsprl\/form\/Tlchargezcelivreblanc1\/formperma\/d7rvH_Xm2JAbuWnvADoj3ViiN-xDixoanU05d8oxpXg'><\/iframe>\t\t\t\t<\/div>\n\t\t\t\t<div class=\"elementor-element elementor-element-bad09c4 elementor-widget elementor-widget-spacer\" data-id=\"bad09c4\" data-element_type=\"widget\" data-e-type=\"widget\" data-widget_type=\"spacer.default\">\n\t\t\t\t\t\t\t<div class=\"elementor-spacer\">\n\t\t\t<div class=\"elementor-spacer-inner\"><\/div>\n\t\t<\/div>\n\t\t\t\t\t\t<\/div>\n\t\t\t\t<div class=\"elementor-element elementor-element-0ed6ce4 elementor-widget elementor-widget-heading\" data-id=\"0ed6ce4\" data-element_type=\"widget\" data-e-type=\"widget\" data-widget_type=\"heading.default\">\n\t\t\t\t\t<h3 class=\"elementor-heading-title elementor-size-default\">Acc\u00e9dez \u00e0 tous nos contenus !<\/h3>\t\t\t\t<\/div>\n\t\t\t\t\t<\/div>\n\t\t<\/div>\n\t\t\t\t\t<\/div>\n\t\t<\/section>\n\t\t\t\t<section class=\"elementor-section elementor-top-section elementor-element elementor-element-aee4ceb elementor-section-boxed elementor-section-height-default elementor-section-height-default wpr-particle-no wpr-jarallax-no wpr-parallax-no wpr-sticky-section-no wpr-equal-height-no\" data-id=\"aee4ceb\" data-element_type=\"section\" data-e-type=\"section\">\n\t\t\t\t\t\t<div class=\"elementor-container elementor-column-gap-default\">\n\t\t\t\t\t<div class=\"elementor-column elementor-col-100 elementor-top-column elementor-element elementor-element-df7cf3d\" data-id=\"df7cf3d\" data-element_type=\"column\" data-e-type=\"column\">\n\t\t\t<div class=\"elementor-widget-wrap elementor-element-populated\">\n\t\t\t\t\t\t<div class=\"elementor-element elementor-element-b33ef02 elementor-widget elementor-widget-image\" data-id=\"b33ef02\" data-element_type=\"widget\" data-e-type=\"widget\" data-widget_type=\"image.default\">\n\t\t\t\t\t\t\t\t\t\t\t\t\t\t\t\t<a href=\"https:\/\/www.nixxis.com\/fr\/ressources\/\">\n\t\t\t\t\t\t\t<img fetchpriority=\"high\" decoding=\"async\" width=\"768\" height=\"512\" src=\"https:\/\/www.nixxis.com\/wp-content\/uploads\/2024\/04\/Accedez-a-tous-nos-contenus-768x512.webp\" class=\"attachment-medium_large size-medium_large wp-image-36506 not-transparent\" alt=\"Avantages et inconv\u00e9nients des r\u00e9seaux sociaux\" srcset=\"https:\/\/www.nixxis.com\/wp-content\/uploads\/2024\/04\/Accedez-a-tous-nos-contenus-768x512.webp 768w, https:\/\/www.nixxis.com\/wp-content\/uploads\/2024\/04\/Accedez-a-tous-nos-contenus-300x200.webp 300w, https:\/\/www.nixxis.com\/wp-content\/uploads\/2024\/04\/Accedez-a-tous-nos-contenus-1024x682.webp 1024w, https:\/\/www.nixxis.com\/wp-content\/uploads\/2024\/04\/Accedez-a-tous-nos-contenus-1536x1023.webp 1536w, https:\/\/www.nixxis.com\/wp-content\/uploads\/2024\/04\/Accedez-a-tous-nos-contenus-2048x1364.webp 2048w\" sizes=\"(max-width: 768px) 100vw, 768px\" data-has-transparency=\"false\" data-dominant-color=\"c6c2c1\" style=\"--dominant-color: #c6c2c1\" \/>\t\t\t\t\t\t\t\t<\/a>\n\t\t\t\t\t\t\t\t\t\t\t\t\t\t\t<\/div>\n\t\t\t\t<div class=\"elementor-element elementor-element-7fe7edd elementor-align-center elementor-mobile-align-center elementor-widget elementor-widget-button\" data-id=\"7fe7edd\" data-element_type=\"widget\" data-e-type=\"widget\" data-widget_type=\"button.default\">\n\t\t\t\t\t\t\t\t\t\t<a class=\"elementor-button elementor-button-link elementor-size-md elementor-animation-push\" href=\"https:\/\/www.nixxis.com\/fr\/ressources\/\">\n\t\t\t\t\t\t<span class=\"elementor-button-content-wrapper\">\n\t\t\t\t\t\t\t\t\t<span class=\"elementor-button-text\">Ressources documentaires<\/span>\n\t\t\t\t\t<\/span>\n\t\t\t\t\t<\/a>\n\t\t\t\t\t\t\t\t<\/div>\n\t\t\t\t\t<\/div>\n\t\t<\/div>\n\t\t\t\t\t<\/div>\n\t\t<\/section>\n\t\t\t\t<\/div>\n\t\t","protected":false},"excerpt":{"rendered":"<p>Comment maximiser les revenus g\u00e9n\u00e9r\u00e9s par votre service client ? D\u00e9couvrez un extrait ! Introduction \u00ab\u00a0Dans un monde o\u00f9 la concurrence fait rage, il est essentiel de comprendre que la qualit\u00e9 du service client est devenue tout aussi cruciale que la qualit\u00e9 du produit lui-m\u00eame. Les consommateurs, qu&rsquo;ils soient des clients B2B ou B2C, ont \u00e9lev\u00e9 leurs exigences \u00e0 un niveau sans pr\u00e9c\u00e9dent. Selon la derni\u00e8re \u00e9tude de la Harvard Business Review, les clients attendent bien plus que des r\u00e9ponses \u00e0 leurs questions. Ils exigent un meilleur service client, des interactions personnalis\u00e9es, et la transition des agents du statut de simples r\u00e9ceptacles de plaintes \u00e0 celui de conseillers de confiance.\u00a0\u00bb Acc\u00e9dez \u00e0 tous nos contenus ! Ressources documentaires<\/p>\n","protected":false},"author":12,"featured_media":29239,"parent":0,"menu_order":0,"comment_status":"closed","ping_status":"closed","template":"","meta":{"footnotes":""},"class_list":["post-36494","page","type-page","status-publish","has-post-thumbnail","hentry"],"yoast_head":"<!-- This site is optimized with the Yoast SEO Premium plugin v27.4 (Yoast SEO v27.4) - https:\/\/yoast.com\/product\/yoast-seo-premium-wordpress\/ -->\n<title>Comment maximiser les revenus g\u00e9n\u00e9r\u00e9s par votre service client ?<\/title>\n<meta name=\"description\" content=\"Avec l&#039;expertise de Nixxis, d\u00e9couvrez comment maximiser vos revenus gr\u00e2ce \u00e0 un service client bien r\u00e9fl\u00e9chi et fonctionnel !\" \/>\n<meta name=\"robots\" content=\"index, follow, max-snippet:-1, max-image-preview:large, max-video-preview:-1\" \/>\n<link rel=\"canonical\" href=\"https:\/\/www.nixxis.com\/fr\/comment-maximiser-les-revenus-generes-par-votre-service-client\/\" \/>\n<meta property=\"og:locale\" content=\"fr_FR\" \/>\n<meta property=\"og:type\" content=\"article\" \/>\n<meta property=\"og:title\" content=\"Comment maximiser les revenus g\u00e9n\u00e9r\u00e9s par votre service client ?\" \/>\n<meta property=\"og:description\" content=\"Avec l&#039;expertise de Nixxis, d\u00e9couvrez comment maximiser vos revenus gr\u00e2ce \u00e0 un service client bien r\u00e9fl\u00e9chi et fonctionnel !\" \/>\n<meta property=\"og:url\" content=\"https:\/\/www.nixxis.com\/fr\/comment-maximiser-les-revenus-generes-par-votre-service-client\/\" \/>\n<meta property=\"og:site_name\" content=\"Nixxis | Omnichannel Call Center Solution\" \/>\n<meta property=\"article:publisher\" content=\"https:\/\/www.facebook.com\/NixxisContactSuite\" \/>\n<meta property=\"article:modified_time\" content=\"2025-10-07T15:04:50+00:00\" \/>\n<meta property=\"og:image\" content=\"https:\/\/www.nixxis.com\/wp-content\/uploads\/2023\/10\/LB-Comment-maximiser-les-revenus-generes-par-votre-service-client-scaled.webp\" \/>\n\t<meta property=\"og:image:width\" content=\"1825\" \/>\n\t<meta property=\"og:image:height\" content=\"2560\" \/>\n\t<meta property=\"og:image:type\" content=\"image\/jpeg\" \/>\n<meta name=\"twitter:card\" content=\"summary_large_image\" \/>\n<meta name=\"twitter:label1\" content=\"Dur\u00e9e de lecture estim\u00e9e\" \/>\n\t<meta name=\"twitter:data1\" content=\"1 minute\" \/>\n<script type=\"application\/ld+json\" class=\"yoast-schema-graph\">{\"@context\":\"https:\\\/\\\/schema.org\",\"@graph\":[{\"@type\":\"WebPage\",\"@id\":\"https:\\\/\\\/www.nixxis.com\\\/fr\\\/comment-maximiser-les-revenus-generes-par-votre-service-client\\\/\",\"url\":\"https:\\\/\\\/www.nixxis.com\\\/fr\\\/comment-maximiser-les-revenus-generes-par-votre-service-client\\\/\",\"name\":\"Comment maximiser les revenus g\u00e9n\u00e9r\u00e9s par votre service client ?\",\"isPartOf\":{\"@id\":\"https:\\\/\\\/www.nixxis.com\\\/fr\\\/#website\"},\"primaryImageOfPage\":{\"@id\":\"https:\\\/\\\/www.nixxis.com\\\/fr\\\/comment-maximiser-les-revenus-generes-par-votre-service-client\\\/#primaryimage\"},\"image\":{\"@id\":\"https:\\\/\\\/www.nixxis.com\\\/fr\\\/comment-maximiser-les-revenus-generes-par-votre-service-client\\\/#primaryimage\"},\"thumbnailUrl\":\"https:\\\/\\\/www.nixxis.com\\\/wp-content\\\/uploads\\\/2023\\\/10\\\/LB-Comment-maximiser-les-revenus-generes-par-votre-service-client-scaled.webp\",\"datePublished\":\"2024-04-23T13:37:56+00:00\",\"dateModified\":\"2025-10-07T15:04:50+00:00\",\"description\":\"Avec l'expertise de Nixxis, d\u00e9couvrez comment maximiser vos revenus gr\u00e2ce \u00e0 un service client bien r\u00e9fl\u00e9chi et fonctionnel !\",\"inLanguage\":\"fr-FR\",\"potentialAction\":[{\"@type\":\"ReadAction\",\"target\":[\"https:\\\/\\\/www.nixxis.com\\\/fr\\\/comment-maximiser-les-revenus-generes-par-votre-service-client\\\/\"]}]},{\"@type\":\"ImageObject\",\"inLanguage\":\"fr-FR\",\"@id\":\"https:\\\/\\\/www.nixxis.com\\\/fr\\\/comment-maximiser-les-revenus-generes-par-votre-service-client\\\/#primaryimage\",\"url\":\"https:\\\/\\\/www.nixxis.com\\\/wp-content\\\/uploads\\\/2023\\\/10\\\/LB-Comment-maximiser-les-revenus-generes-par-votre-service-client-scaled.webp\",\"contentUrl\":\"https:\\\/\\\/www.nixxis.com\\\/wp-content\\\/uploads\\\/2023\\\/10\\\/LB-Comment-maximiser-les-revenus-generes-par-votre-service-client-scaled.webp\",\"width\":1825,\"height\":2560,\"caption\":\"\\\"\\\"\"},{\"@type\":\"WebSite\",\"@id\":\"https:\\\/\\\/www.nixxis.com\\\/fr\\\/#website\",\"url\":\"https:\\\/\\\/www.nixxis.com\\\/fr\\\/\",\"name\":\"Nixxis | Omnichannel Call Center Solution\",\"description\":\"Turn your Contact Center into a Productivity Machine\",\"publisher\":{\"@id\":\"https:\\\/\\\/www.nixxis.com\\\/fr\\\/#organization\"},\"potentialAction\":[{\"@type\":\"SearchAction\",\"target\":{\"@type\":\"EntryPoint\",\"urlTemplate\":\"https:\\\/\\\/www.nixxis.com\\\/fr\\\/?s={search_term_string}\"},\"query-input\":{\"@type\":\"PropertyValueSpecification\",\"valueRequired\":true,\"valueName\":\"search_term_string\"}}],\"inLanguage\":\"fr-FR\"},{\"@type\":\"Organization\",\"@id\":\"https:\\\/\\\/www.nixxis.com\\\/fr\\\/#organization\",\"name\":\"Nixxis\",\"url\":\"https:\\\/\\\/www.nixxis.com\\\/fr\\\/\",\"logo\":{\"@type\":\"ImageObject\",\"inLanguage\":\"fr-FR\",\"@id\":\"https:\\\/\\\/www.nixxis.com\\\/fr\\\/#\\\/schema\\\/logo\\\/image\\\/\",\"url\":\"https:\\\/\\\/www.nixxis.com\\\/wp-content\\\/uploads\\\/2022\\\/03\\\/Nixxis_Logotype_RGB.webp\",\"contentUrl\":\"https:\\\/\\\/www.nixxis.com\\\/wp-content\\\/uploads\\\/2022\\\/03\\\/Nixxis_Logotype_RGB.webp\",\"width\":1236,\"height\":212,\"caption\":\"Nixxis\"},\"image\":{\"@id\":\"https:\\\/\\\/www.nixxis.com\\\/fr\\\/#\\\/schema\\\/logo\\\/image\\\/\"},\"sameAs\":[\"https:\\\/\\\/www.facebook.com\\\/NixxisContactSuite\",\"https:\\\/\\\/www.linkedin.com\\\/company\\\/nixxis\\\/\"]}]}<\/script>\n<!-- \/ Yoast SEO Premium plugin. -->","yoast_head_json":{"title":"Comment maximiser les revenus g\u00e9n\u00e9r\u00e9s par votre service client ?","description":"Avec l'expertise de Nixxis, d\u00e9couvrez comment maximiser vos revenus gr\u00e2ce \u00e0 un service client bien r\u00e9fl\u00e9chi et fonctionnel !","robots":{"index":"index","follow":"follow","max-snippet":"max-snippet:-1","max-image-preview":"max-image-preview:large","max-video-preview":"max-video-preview:-1"},"canonical":"https:\/\/www.nixxis.com\/fr\/comment-maximiser-les-revenus-generes-par-votre-service-client\/","og_locale":"fr_FR","og_type":"article","og_title":"Comment maximiser les revenus g\u00e9n\u00e9r\u00e9s par votre service client ?","og_description":"Avec l'expertise de Nixxis, d\u00e9couvrez comment maximiser vos revenus gr\u00e2ce \u00e0 un service client bien r\u00e9fl\u00e9chi et fonctionnel !","og_url":"https:\/\/www.nixxis.com\/fr\/comment-maximiser-les-revenus-generes-par-votre-service-client\/","og_site_name":"Nixxis | Omnichannel Call Center Solution","article_publisher":"https:\/\/www.facebook.com\/NixxisContactSuite","article_modified_time":"2025-10-07T15:04:50+00:00","og_image":[{"width":1825,"height":2560,"url":"https:\/\/www.nixxis.com\/wp-content\/uploads\/2023\/10\/LB-Comment-maximiser-les-revenus-generes-par-votre-service-client-scaled.webp","type":"image\/jpeg"}],"twitter_card":"summary_large_image","twitter_misc":{"Dur\u00e9e de lecture estim\u00e9e":"1 minute"},"schema":{"@context":"https:\/\/schema.org","@graph":[{"@type":"WebPage","@id":"https:\/\/www.nixxis.com\/fr\/comment-maximiser-les-revenus-generes-par-votre-service-client\/","url":"https:\/\/www.nixxis.com\/fr\/comment-maximiser-les-revenus-generes-par-votre-service-client\/","name":"Comment maximiser les revenus g\u00e9n\u00e9r\u00e9s par votre service client ?","isPartOf":{"@id":"https:\/\/www.nixxis.com\/fr\/#website"},"primaryImageOfPage":{"@id":"https:\/\/www.nixxis.com\/fr\/comment-maximiser-les-revenus-generes-par-votre-service-client\/#primaryimage"},"image":{"@id":"https:\/\/www.nixxis.com\/fr\/comment-maximiser-les-revenus-generes-par-votre-service-client\/#primaryimage"},"thumbnailUrl":"https:\/\/www.nixxis.com\/wp-content\/uploads\/2023\/10\/LB-Comment-maximiser-les-revenus-generes-par-votre-service-client-scaled.webp","datePublished":"2024-04-23T13:37:56+00:00","dateModified":"2025-10-07T15:04:50+00:00","description":"Avec l'expertise de Nixxis, d\u00e9couvrez comment maximiser vos revenus gr\u00e2ce \u00e0 un service client bien r\u00e9fl\u00e9chi et fonctionnel !","inLanguage":"fr-FR","potentialAction":[{"@type":"ReadAction","target":["https:\/\/www.nixxis.com\/fr\/comment-maximiser-les-revenus-generes-par-votre-service-client\/"]}]},{"@type":"ImageObject","inLanguage":"fr-FR","@id":"https:\/\/www.nixxis.com\/fr\/comment-maximiser-les-revenus-generes-par-votre-service-client\/#primaryimage","url":"https:\/\/www.nixxis.com\/wp-content\/uploads\/2023\/10\/LB-Comment-maximiser-les-revenus-generes-par-votre-service-client-scaled.webp","contentUrl":"https:\/\/www.nixxis.com\/wp-content\/uploads\/2023\/10\/LB-Comment-maximiser-les-revenus-generes-par-votre-service-client-scaled.webp","width":1825,"height":2560,"caption":"\"\""},{"@type":"WebSite","@id":"https:\/\/www.nixxis.com\/fr\/#website","url":"https:\/\/www.nixxis.com\/fr\/","name":"Nixxis | Omnichannel Call Center Solution","description":"Turn your Contact Center into a Productivity Machine","publisher":{"@id":"https:\/\/www.nixxis.com\/fr\/#organization"},"potentialAction":[{"@type":"SearchAction","target":{"@type":"EntryPoint","urlTemplate":"https:\/\/www.nixxis.com\/fr\/?s={search_term_string}"},"query-input":{"@type":"PropertyValueSpecification","valueRequired":true,"valueName":"search_term_string"}}],"inLanguage":"fr-FR"},{"@type":"Organization","@id":"https:\/\/www.nixxis.com\/fr\/#organization","name":"Nixxis","url":"https:\/\/www.nixxis.com\/fr\/","logo":{"@type":"ImageObject","inLanguage":"fr-FR","@id":"https:\/\/www.nixxis.com\/fr\/#\/schema\/logo\/image\/","url":"https:\/\/www.nixxis.com\/wp-content\/uploads\/2022\/03\/Nixxis_Logotype_RGB.webp","contentUrl":"https:\/\/www.nixxis.com\/wp-content\/uploads\/2022\/03\/Nixxis_Logotype_RGB.webp","width":1236,"height":212,"caption":"Nixxis"},"image":{"@id":"https:\/\/www.nixxis.com\/fr\/#\/schema\/logo\/image\/"},"sameAs":["https:\/\/www.facebook.com\/NixxisContactSuite","https:\/\/www.linkedin.com\/company\/nixxis\/"]}]}},"_links":{"self":[{"href":"https:\/\/www.nixxis.com\/fr\/wp-json\/wp\/v2\/pages\/36494","targetHints":{"allow":["GET"]}}],"collection":[{"href":"https:\/\/www.nixxis.com\/fr\/wp-json\/wp\/v2\/pages"}],"about":[{"href":"https:\/\/www.nixxis.com\/fr\/wp-json\/wp\/v2\/types\/page"}],"author":[{"embeddable":true,"href":"https:\/\/www.nixxis.com\/fr\/wp-json\/wp\/v2\/users\/12"}],"replies":[{"embeddable":true,"href":"https:\/\/www.nixxis.com\/fr\/wp-json\/wp\/v2\/comments?post=36494"}],"version-history":[{"count":0,"href":"https:\/\/www.nixxis.com\/fr\/wp-json\/wp\/v2\/pages\/36494\/revisions"}],"wp:featuredmedia":[{"embeddable":true,"href":"https:\/\/www.nixxis.com\/fr\/wp-json\/wp\/v2\/media\/29239"}],"wp:attachment":[{"href":"https:\/\/www.nixxis.com\/fr\/wp-json\/wp\/v2\/media?parent=36494"}],"curies":[{"name":"wp","href":"https:\/\/api.w.org\/{rel}","templated":true}]}}